{"id":471,"date":"2025-11-12T10:53:34","date_gmt":"2025-11-12T13:53:34","guid":{"rendered":"https:\/\/emeiefprada.com.br\/?page_id=471"},"modified":"2025-11-18T13:27:27","modified_gmt":"2025-11-18T16:27:27","slug":"projeto-educacao-antiracista","status":"publish","type":"page","link":"https:\/\/emeiefprada.com.br\/?page_id=471","title":{"rendered":"PROJETO DE EDUCA\u00c7\u00c3O \u00c9TNICO RACIAL"},"content":{"rendered":"\n<div class=\"wp-block-cover\"><img fetchpriority=\"high\" decoding=\"async\" width=\"515\" height=\"265\" class=\"wp-block-cover__image-background wp-image-586 size-full\" alt=\"\" src=\"https:\/\/emeiefprada.com.br\/wp-content\/uploads\/2025\/11\/BANNER-EDUCACAO-ETNICO-RACIAL-topo.jpg\" data-object-fit=\"cover\" srcset=\"https:\/\/emeiefprada.com.br\/wp-content\/uploads\/2025\/11\/BANNER-EDUCACAO-ETNICO-RACIAL-topo.jpg 515w, https:\/\/emeiefprada.com.br\/wp-content\/uploads\/2025\/11\/BANNER-EDUCACAO-ETNICO-RACIAL-topo-300x154.jpg 300w\" sizes=\"(max-width: 515px) 100vw, 515px\" \/><span aria-hidden=\"true\" class=\"wp-block-cover__background has-background-dim\" style=\"background-color:#7f6c3e\"><\/span><div class=\"wp-block-cover__inner-container has-global-padding is-layout-constrained wp-block-cover-is-layout-constrained\">\n<h2 class=\"wp-block-heading has-text-align-center has-large-font-size\">TRABALHOS DESENVOLVIDOS PELOS ALUNOS DO 3\u00ba ano 1<\/h2>\n\n\n\n<h2 class=\"wp-block-heading has-text-align-center\">ORIENTA\u00c7\u00c3O: Professora Aline Fonseca<\/h2>\n<\/div><\/div>\n\n\n\n<h2 class=\"wp-block-heading has-text-align-center has-luminous-vivid-amber-color has-heading-background-color has-text-color has-background has-link-color wp-elements-6f9f286a90715466ef939679b91f5eb1\"><strong>Clique para acessar as pesquisas realizadas pelos alunos, sobre personagens afro-brasileiros que marcaram e mudaram a Hist\u00f3ria<\/strong><\/h2>\n\n\n\n<div class=\"wp-block-columns is-layout-flex wp-container-core-columns-is-layout-28f84493 wp-block-columns-is-layout-flex\">\n<div class=\"wp-block-column is-layout-flow wp-block-column-is-layout-flow\">\n<div class=\"wp-block-buttons is-content-justification-center is-layout-flex wp-container-core-buttons-is-layout-a89b3969 wp-block-buttons-is-layout-flex\">\n<div class=\"wp-block-button\"><a class=\"wp-block-button__link has-heading-color has-luminous-vivid-amber-background-color has-text-color has-background has-link-color wp-element-button\" href=\"https:\/\/emeiefprada.com.br\/?p=478\">Irm\u00e3os Rebou\u00e7as<\/a><\/div>\n<\/div>\n<\/div>\n\n\n\n<div class=\"wp-block-column is-layout-flow wp-block-column-is-layout-flow\">\n<div class=\"wp-block-buttons is-content-justification-center is-layout-flex wp-container-core-buttons-is-layout-a89b3969 wp-block-buttons-is-layout-flex\">\n<div class=\"wp-block-button\"><a class=\"wp-block-button__link has-heading-color has-luminous-vivid-amber-background-color has-text-color has-background has-link-color wp-element-button\" href=\"https:\/\/emeiefprada.com.br\/?p=513\">Dandara dos Palmares<\/a><\/div>\n<\/div>\n<\/div>\n\n\n\n<div class=\"wp-block-column is-layout-flow wp-block-column-is-layout-flow\">\n<div class=\"wp-block-buttons is-content-justification-center is-layout-flex wp-container-core-buttons-is-layout-a89b3969 wp-block-buttons-is-layout-flex\">\n<div class=\"wp-block-button\"><a class=\"wp-block-button__link has-heading-color has-luminous-vivid-amber-background-color has-text-color has-background has-link-color wp-element-button\" href=\"https:\/\/emeiefprada.com.br\/?p=495\">Maria Soldado<\/a><\/div>\n<\/div>\n<\/div>\n<\/div>\n\n\n\n<div class=\"wp-block-columns is-layout-flex wp-container-core-columns-is-layout-28f84493 wp-block-columns-is-layout-flex\">\n<div class=\"wp-block-column is-layout-flow wp-block-column-is-layout-flow\">\n<div class=\"wp-block-buttons is-content-justification-center is-layout-flex wp-container-core-buttons-is-layout-a89b3969 wp-block-buttons-is-layout-flex\">\n<div class=\"wp-block-button\"><a class=\"wp-block-button__link has-heading-color has-luminous-vivid-amber-background-color has-text-color has-background has-link-color wp-element-button\" href=\"https:\/\/emeiefprada.com.br\/?p=477\">Jos\u00e9 Botelho Veloso<\/a><\/div>\n<\/div>\n<\/div>\n\n\n\n<div class=\"wp-block-column is-layout-flow wp-block-column-is-layout-flow\">\n<div class=\"wp-block-buttons is-content-justification-center is-layout-flex wp-container-core-buttons-is-layout-a89b3969 wp-block-buttons-is-layout-flex\">\n<div class=\"wp-block-button\"><a class=\"wp-block-button__link has-heading-color has-luminous-vivid-amber-background-color has-text-color has-background has-link-color wp-element-button\" href=\"https:\/\/emeiefprada.com.br\/?p=503\">Carolina Maria de Jesus<\/a><\/div>\n<\/div>\n<\/div>\n\n\n\n<div class=\"wp-block-column is-layout-flow wp-block-column-is-layout-flow\">\n<div class=\"wp-block-buttons is-content-justification-center is-layout-flex wp-container-core-buttons-is-layout-a89b3969 wp-block-buttons-is-layout-flex\">\n<div class=\"wp-block-button\"><a class=\"wp-block-button__link has-heading-color has-luminous-vivid-amber-background-color has-text-color has-background has-link-color wp-element-button\" href=\"https:\/\/emeiefprada.com.br\/?p=518\">Zumbi dos Palmares<\/a><\/div>\n<\/div>\n<\/div>\n<\/div>\n\n\n\n<div class=\"wp-block-columns is-layout-flex wp-container-core-columns-is-layout-28f84493 wp-block-columns-is-layout-flex\">\n<div class=\"wp-block-column is-layout-flow wp-block-column-is-layout-flow\"><\/div>\n\n\n\n<div class=\"wp-block-column is-layout-flow wp-block-column-is-layout-flow\"><\/div>\n\n\n\n<div class=\"wp-block-column is-layout-flow wp-block-column-is-layout-flow\"><\/div>\n<\/div>\n","protected":false},"excerpt":{"rendered":"<p>Clique para acessar as pesquisas realizadas pelos alunos, sobre personagens afro-brasileiros que marcaram e mudaram a Hist\u00f3ria<\/p>\n","protected":false},"author":1,"featured_media":0,"parent":0,"menu_order":0,"comment_status":"closed","ping_status":"closed","template":"","meta":{"footnotes":""},"class_list":["post-471","page","type-page","status-publish","hentry"],"_links":{"self":[{"href":"https:\/\/emeiefprada.com.br\/index.php?rest_route=\/wp\/v2\/pages\/471","targetHints":{"allow":["GET"]}}],"collection":[{"href":"https:\/\/emeiefprada.com.br\/index.php?rest_route=\/wp\/v2\/pages"}],"about":[{"href":"https:\/\/emeiefprada.com.br\/index.php?rest_route=\/wp\/v2\/types\/page"}],"author":[{"embeddable":true,"href":"https:\/\/emeiefprada.com.br\/index.php?rest_route=\/wp\/v2\/users\/1"}],"replies":[{"embeddable":true,"href":"https:\/\/emeiefprada.com.br\/index.php?rest_route=%2Fwp%2Fv2%2Fcomments&post=471"}],"version-history":[{"count":30,"href":"https:\/\/emeiefprada.com.br\/index.php?rest_route=\/wp\/v2\/pages\/471\/revisions"}],"predecessor-version":[{"id":621,"href":"https:\/\/emeiefprada.com.br\/index.php?rest_route=\/wp\/v2\/pages\/471\/revisions\/621"}],"wp:attachment":[{"href":"https:\/\/emeiefprada.com.br\/index.php?rest_route=%2Fwp%2Fv2%2Fmedia&parent=471"}],"curies":[{"name":"wp","href":"https:\/\/api.w.org\/{rel}","templated":true}]}}