{"id":386,"date":"2025-08-01T09:22:36","date_gmt":"2025-08-01T12:22:36","guid":{"rendered":"http:\/\/emeiefprada.com.br\/?page_id=386"},"modified":"2026-04-15T16:49:51","modified_gmt":"2026-04-15T19:49:51","slug":"cardapio-mensal","status":"publish","type":"page","link":"https:\/\/emeiefprada.com.br\/?page_id=386","title":{"rendered":"card\u00e1pio mensal"},"content":{"rendered":"\n<hr class=\"wp-block-separator has-alpha-channel-opacity\"\/>\n\n\n\n<h2 class=\"wp-block-heading has-alter-color has-secondary-background-color has-text-color has-background has-link-color wp-elements-a001b45d4bfe1f82757f2195133a10b5\">A Merenda Escolar: Nutri\u00e7\u00e3o e Aprendizado para Nossos Filhos!<\/h2>\n\n\n\n<p class=\"has-alter-color has-secondary-background-color has-text-color has-background has-link-color wp-elements-3160c27de76917984104262dbea4d9bc\">A <strong>alimenta\u00e7\u00e3o saud\u00e1vel<\/strong> \u00e9 crucial para o crescimento e o aprendizado das crian\u00e7as. No Brasil, a <strong>Pol\u00edtica Nacional de Alimenta\u00e7\u00e3o Escolar (PNAE)<\/strong> garante que as escolas ofere\u00e7am refei\u00e7\u00f5es nutritivas, promovendo h\u00e1bitos alimentares que acompanhar\u00e3o os estudantes por toda a vida. Nossa Escola faz parte do Programa Nacional de Alimenta\u00e7\u00e3o Escolar. Confira a seguir um pouco dos princ\u00edpios do Programa e do Projeto de Educa\u00e7\u00e3o Alimentar Saud\u00e1vel presentes no cotidiano escolar. Ao final, confira o card\u00e1pio do m\u00eas.<\/p>\n\n\n\n<hr class=\"wp-block-separator has-alpha-channel-opacity\"\/>\n\n\n\n<h3 class=\"wp-block-heading has-luminous-vivid-amber-background-color has-background\">Por que a Merenda Escolar \u00e9 T\u00e3o Importante?<\/h3>\n\n\n\n<ul class=\"wp-block-list\">\n<li><strong>Nutri\u00e7\u00e3o Completa:<\/strong> As refei\u00e7\u00f5es s\u00e3o pensadas por nutricionistas para garantir que as crian\u00e7as recebam todos os nutrientes necess\u00e1rios para se desenvolverem.<\/li>\n\n\n\n<li><strong>Apoio \u00e0 Agricultura Familiar:<\/strong> A PNAE prioriza a compra de alimentos de produtores locais, o que significa produtos mais frescos e menos agrot\u00f3xicos na mesa dos nossos filhos, al\u00e9m de fortalecer a economia da regi\u00e3o.<\/li>\n\n\n\n<li><strong>Educa\u00e7\u00e3o Alimentar:<\/strong> A escola \u00e9 um espa\u00e7o para aprender sobre a import\u00e2ncia de uma alimenta\u00e7\u00e3o equilibrada, ajudando as crian\u00e7as a fazerem escolhas saud\u00e1veis dentro e fora de casa.<\/li>\n\n\n\n<li><strong>Combate ao Desperd\u00edcio:<\/strong> Incentiva o consumo consciente e a valoriza\u00e7\u00e3o do alimento.<\/li>\n<\/ul>\n\n\n\n<figure class=\"wp-block-image size-large\"><img fetchpriority=\"high\" decoding=\"async\" width=\"1024\" height=\"727\" src=\"http:\/\/emeiefprada.com.br\/wp-content\/uploads\/2025\/08\/Collage-2025-07-18-17_11_56-1024x727.jpg\" alt=\"\" class=\"wp-image-388\" srcset=\"https:\/\/emeiefprada.com.br\/wp-content\/uploads\/2025\/08\/Collage-2025-07-18-17_11_56-1024x727.jpg 1024w, https:\/\/emeiefprada.com.br\/wp-content\/uploads\/2025\/08\/Collage-2025-07-18-17_11_56-300x213.jpg 300w, https:\/\/emeiefprada.com.br\/wp-content\/uploads\/2025\/08\/Collage-2025-07-18-17_11_56-768x545.jpg 768w, https:\/\/emeiefprada.com.br\/wp-content\/uploads\/2025\/08\/Collage-2025-07-18-17_11_56.jpg 1200w\" sizes=\"(max-width: 1024px) 100vw, 1024px\" \/><\/figure>\n\n\n\n<figure class=\"wp-block-image size-large\"><img decoding=\"async\" width=\"1024\" height=\"727\" src=\"http:\/\/emeiefprada.com.br\/wp-content\/uploads\/2025\/08\/Collage-2025-08-01-09_17_55-1024x727.jpg\" alt=\"\" class=\"wp-image-390\" srcset=\"https:\/\/emeiefprada.com.br\/wp-content\/uploads\/2025\/08\/Collage-2025-08-01-09_17_55-1024x727.jpg 1024w, https:\/\/emeiefprada.com.br\/wp-content\/uploads\/2025\/08\/Collage-2025-08-01-09_17_55-300x213.jpg 300w, https:\/\/emeiefprada.com.br\/wp-content\/uploads\/2025\/08\/Collage-2025-08-01-09_17_55-768x545.jpg 768w, https:\/\/emeiefprada.com.br\/wp-content\/uploads\/2025\/08\/Collage-2025-08-01-09_17_55.jpg 1200w\" sizes=\"(max-width: 1024px) 100vw, 1024px\" \/><\/figure>\n\n\n\n<hr class=\"wp-block-separator has-alpha-channel-opacity\"\/>\n\n\n\n<h3 class=\"wp-block-heading has-luminous-vivid-amber-background-color has-background\">Fam\u00edlia e Escola: Juntos Pela Boa Alimenta\u00e7\u00e3o!<\/h3>\n\n\n\n<p>A merenda da escola \u00e9 um tesouro! Incentivem seus filhos a experimentar novos sabores, a comer com prazer e a valorizar cada refei\u00e7\u00e3o. Conversem com eles sobre a import\u00e2ncia da comida para terem energia para brincar e aprender.<\/p>\n\n\n\n<p>Ao valorizarmos o alimento fornecido pela escola, estamos investindo na sa\u00fade, no desenvolvimento e no futuro de nossas crian\u00e7as. <strong>A alimenta\u00e7\u00e3o saud\u00e1vel \u00e9 um presente que dura a vida toda!<\/strong><\/p>\n\n\n\n<p>Al\u00e9m do cuidado no preparo e na oferta dos alimentos saud\u00e1veis, a escola tamb\u00e9m atua na conscientiza\u00e7\u00e3o sobre alimenta\u00e7\u00e3o saud\u00e1vel, por meio de aulas e palestras, com atividades te\u00f3ricas e pr\u00e1ticas.<\/p>\n\n\n\n<figure class=\"wp-block-image size-large\"><img decoding=\"async\" width=\"1024\" height=\"727\" src=\"http:\/\/emeiefprada.com.br\/wp-content\/uploads\/2025\/08\/Collage-2025-08-01-09_18_25-1024x727.jpg\" alt=\"\" class=\"wp-image-389\" srcset=\"https:\/\/emeiefprada.com.br\/wp-content\/uploads\/2025\/08\/Collage-2025-08-01-09_18_25-1024x727.jpg 1024w, https:\/\/emeiefprada.com.br\/wp-content\/uploads\/2025\/08\/Collage-2025-08-01-09_18_25-300x213.jpg 300w, https:\/\/emeiefprada.com.br\/wp-content\/uploads\/2025\/08\/Collage-2025-08-01-09_18_25-768x545.jpg 768w, https:\/\/emeiefprada.com.br\/wp-content\/uploads\/2025\/08\/Collage-2025-08-01-09_18_25.jpg 1200w\" sizes=\"(max-width: 1024px) 100vw, 1024px\" \/><\/figure>\n\n\n\n<h2 class=\"wp-block-heading has-luminous-vivid-amber-background-color has-background\"><strong>Orienta\u00e7\u00f5es sobre Alimenta\u00e7\u00e3o Escolar<\/strong><\/h2>\n\n\n\n<p>Para crian\u00e7as com restri\u00e7\u00f5es ou doen\u00e7as alimentares, a escola oferece a possibilidade de adaptar o card\u00e1pio. Para solicitar essa adapta\u00e7\u00e3o, \u00e9 preciso agendar uma entrevista com a <strong>vice-dire\u00e7\u00e3o<\/strong>. Ela encaminhar\u00e1 o seu caso para a <strong>nutricionista e a t\u00e9cnica de alimenta\u00e7\u00e3o<\/strong>, que s\u00e3o as profissionais respons\u00e1veis pela an\u00e1lise e adequa\u00e7\u00e3o de cada dieta.<\/p>\n\n\n\n<hr class=\"wp-block-separator has-alpha-channel-opacity\"\/>\n\n\n\n<h2 class=\"wp-block-heading has-luminous-vivid-amber-background-color has-background\">Card\u00e1pio Mensal e Hor\u00e1rios das Refei\u00e7\u00f5es<\/h2>\n\n\n\n<p>Abaixo, voc\u00ea encontra o <strong>card\u00e1pio mensal<\/strong> com as refei\u00e7\u00f5es oferecidas na escola. \u00c9 uma \u00f3tima ideia conversar com seu filho sobre o que ele comeu na escola antes de oferecer lanches em casa.<\/p>\n\n\n\n<ul class=\"wp-block-list\">\n<li><strong>6h45<\/strong>: Lanche da manh\u00e3<\/li>\n\n\n\n<li><strong>Entre 9h e 10h<\/strong>: Almo\u00e7o (para o per\u00edodo da manh\u00e3)<\/li>\n\n\n\n<li><strong>12h15<\/strong>: Almo\u00e7o (para o per\u00edodo da tarde)<\/li>\n\n\n\n<li><strong>Entre 14h15 e 15h<\/strong>: Lanche da tarde<\/li>\n<\/ul>\n\n\n\n<p><strong>Observa\u00e7\u00e3o importante<\/strong>: O card\u00e1pio pode passar por pequenas mudan\u00e7as ou substitui\u00e7\u00f5es caso haja atrasos de fornecedores ou se algum alimento estiver indispon\u00edvel.<\/p>\n\n\n\n<hr class=\"wp-block-separator has-alpha-channel-opacity\"\/>\n\n\n\n<p>Se tiver alguma d\u00favida sobre a alimenta\u00e7\u00e3o do seu filho, n\u00e3o hesite em entrar em contato com a escola. Estamos \u00e0 disposi\u00e7\u00e3o para ajudar.<\/p>\n\n\n\n<h2 class=\"wp-block-heading has-luminous-vivid-amber-background-color has-background\"><strong>CARD\u00c1PIO DE ALIMENTA\u00c7\u00c3O ESCOLAR<\/strong><\/h2>\n\n\n\n<div data-wp-interactive=\"core\/file\" class=\"wp-block-file\"><object data-wp-bind--hidden=\"!state.hasPdfPreview\" hidden class=\"wp-block-file__embed\" data=\"https:\/\/emeiefprada.com.br\/wp-content\/uploads\/2026\/04\/Cardapio-de-EMEI-EMEIEF-parcial-1.pdf\" type=\"application\/pdf\" style=\"width:100%;height:600px\" aria-label=\"Embed of Card\u00e1pio de EMEI EMEIEF parcial (1).\"><\/object><a id=\"wp-block-file--media-46877482-9da4-4100-8a7c-263368036801\" href=\"https:\/\/emeiefprada.com.br\/wp-content\/uploads\/2026\/04\/Cardapio-de-EMEI-EMEIEF-parcial-1.pdf\">Card\u00e1pio de EMEI EMEIEF parcial (1)<\/a><a href=\"https:\/\/emeiefprada.com.br\/wp-content\/uploads\/2026\/04\/Cardapio-de-EMEI-EMEIEF-parcial-1.pdf\" class=\"wp-block-file__button wp-element-button\" download aria-describedby=\"wp-block-file--media-46877482-9da4-4100-8a7c-263368036801\">Salvar c\u00f3pia<\/a><\/div>\n\n\n\n<p><\/p>\n","protected":false},"excerpt":{"rendered":"<p>A Merenda Escolar: Nutri\u00e7\u00e3o e Aprendizado para Nossos Filhos! A alimenta\u00e7\u00e3o saud\u00e1vel \u00e9 crucial para o crescimento e o aprendizado das crian\u00e7as. No Brasil, a Pol\u00edtica Nacional de Alimenta\u00e7\u00e3o Escolar (PNAE) garante que as escolas ofere\u00e7am refei\u00e7\u00f5es nutritivas, promovendo h\u00e1bitos alimentares que acompanhar\u00e3o os estudantes por toda a vida. Nossa Escola faz parte do Programa&hellip;<\/p>\n","protected":false},"author":1,"featured_media":0,"parent":0,"menu_order":0,"comment_status":"closed","ping_status":"closed","template":"","meta":{"footnotes":""},"class_list":["post-386","page","type-page","status-publish","hentry"],"_links":{"self":[{"href":"https:\/\/emeiefprada.com.br\/index.php?rest_route=\/wp\/v2\/pages\/386","targetHints":{"allow":["GET"]}}],"collection":[{"href":"https:\/\/emeiefprada.com.br\/index.php?rest_route=\/wp\/v2\/pages"}],"about":[{"href":"https:\/\/emeiefprada.com.br\/index.php?rest_route=\/wp\/v2\/types\/page"}],"author":[{"embeddable":true,"href":"https:\/\/emeiefprada.com.br\/index.php?rest_route=\/wp\/v2\/users\/1"}],"replies":[{"embeddable":true,"href":"https:\/\/emeiefprada.com.br\/index.php?rest_route=%2Fwp%2Fv2%2Fcomments&post=386"}],"version-history":[{"count":9,"href":"https:\/\/emeiefprada.com.br\/index.php?rest_route=\/wp\/v2\/pages\/386\/revisions"}],"predecessor-version":[{"id":665,"href":"https:\/\/emeiefprada.com.br\/index.php?rest_route=\/wp\/v2\/pages\/386\/revisions\/665"}],"wp:attachment":[{"href":"https:\/\/emeiefprada.com.br\/index.php?rest_route=%2Fwp%2Fv2%2Fmedia&parent=386"}],"curies":[{"name":"wp","href":"https:\/\/api.w.org\/{rel}","templated":true}]}}