{"id":186,"date":"2025-07-03T15:34:06","date_gmt":"2025-07-03T18:34:06","guid":{"rendered":"http:\/\/emeiefprada.com.br\/?page_id=186"},"modified":"2026-04-28T13:47:31","modified_gmt":"2026-04-28T16:47:31","slug":"calendario-escolar","status":"publish","type":"page","link":"https:\/\/emeiefprada.com.br\/?page_id=186","title":{"rendered":"CALEND\u00c1RIO ESCOLAR"},"content":{"rendered":"\n<p><\/p>\n\n\n\n<div data-wp-interactive=\"core\/file\" class=\"wp-block-file has-outline-background-color has-background\" style=\"padding-top:0;padding-right:0;padding-bottom:0;padding-left:0\"><object data-wp-bind--hidden=\"!state.hasPdfPreview\" hidden class=\"wp-block-file__embed\" data=\"http:\/\/emeiefprada.com.br\/wp-content\/uploads\/2026\/04\/Calendario-2026-EMEIEF-PRADA.pdf\" type=\"application\/pdf\" style=\"width:100%;height:224px\" aria-label=\"Embed of Calend\u00e1rio 2026 EMEIEF PRADA.\"><\/object><a id=\"wp-block-file--media-a76dcc67-b07a-4be9-a3fc-6c40a80ae028\" href=\"http:\/\/emeiefprada.com.br\/wp-content\/uploads\/2026\/04\/Calendario-2026-EMEIEF-PRADA.pdf\">Calend\u00e1rio 2026 EMEIEF PRADA<\/a><a href=\"http:\/\/emeiefprada.com.br\/wp-content\/uploads\/2026\/04\/Calendario-2026-EMEIEF-PRADA.pdf\" class=\"wp-block-file__button wp-element-button\" download aria-describedby=\"wp-block-file--media-a76dcc67-b07a-4be9-a3fc-6c40a80ae028\">Calend\u00e1rio Escolar 2026 &#8211; Clique para baixar<\/a><\/div>\n\n\n\n<h1 class=\"wp-block-heading\"><strong>RESUMO<\/strong> &#8211; aten\u00e7\u00e3o!<\/h1>\n\n\n\n<p class=\"has-primary-color has-text-color has-link-color wp-elements-a6cb71549ef4f5096a1d987f57d11a3b\"><em>Datas destacadas em laranja, n\u00e3o hevar\u00e1 aula.<\/em><\/p>\n\n\n\n<p><strong>Maio<\/strong>:<\/p>\n\n\n\n<p class=\"has-primary-color has-text-color has-link-color wp-elements-2bfe94196156bd35b132d9548c15485f\">01 \u2013 Feriado Dia do Trabalho;<\/p>\n\n\n\n<p class=\"has-primary-color has-text-color has-link-color wp-elements-94caa4b59e8d96b982cd4068ac005d26\">04 \u2013 N\u00c3O HAVER\u00c1 AULA &#8211; Conselho de Ciclo\/ EI;<\/p>\n\n\n\n<p class=\"has-secondary-color has-text-color has-link-color wp-elements-6f25150cc62caaaa14bb833de90de906\">07 \u2013 Reuni\u00e3o de Pais e Mestres com apresenta\u00e7\u00e3o em homenagem ao dia das m\u00e3es.<\/p>\n\n\n\n<p><strong>Junho<\/strong>:<\/p>\n\n\n\n<p class=\"has-primary-color has-text-color has-link-color wp-elements-be623d5302a85de2ad82da21feab81f7\">04 &#8211; Feriado Corpus Christi;<\/p>\n\n\n\n<p class=\"has-primary-color has-text-color has-link-color wp-elements-96a5d5eb861598dd47509858ef5549da\">&nbsp;05 &#8211;&nbsp; Ponto Facultativo;<\/p>\n\n\n\n<p>22 a 03\/07 \u2013 Avalia\u00e7\u00e3o Processual SME.<\/p>\n\n\n\n<p><strong>Julho<\/strong>: <\/p>\n\n\n\n<p>07 \u2013 Reuni\u00e3o ordin\u00e1ria APM e Conselho de Escola;<\/p>\n\n\n\n<p class=\"has-primary-color has-text-color has-link-color wp-elements-fd6de1f5f2fd7ba865548107e5166adc\">09 \u2013 Feriado Revolu\u00e7\u00e3o Constitucionalista; Atividade Cultural Festa Caipira com participa\u00e7\u00e3o dos pais e da comunidade;<\/p>\n\n\n\n<p class=\"has-primary-color has-text-color has-link-color wp-elements-ae9282a8419136876caf61bc44e4da61\">&nbsp;10 \u2013 Ponto facultativo,<\/p>\n\n\n\n<p class=\"has-primary-color has-text-color has-link-color wp-elements-057cbd412b83517699c514d2c09ed6d2\">13 a 24 Recesso Docente e Discente.<\/p>\n\n\n\n<p><strong>Agosto<\/strong>:<\/p>\n\n\n\n<p>15 \u2013 Dia Letivo com atividade Cultural com comemora\u00e7\u00e3o do Dia dos Pais e encerramento do Projeto Copa do Mundo;<\/p>\n\n\n\n<p>31 \u2013 Conselho de Ciclo em HTPC.<\/p>\n\n\n\n<p>&nbsp;<strong>Setembro<\/strong>:<\/p>\n\n\n\n<p class=\"has-primary-color has-text-color has-link-color wp-elements-52839bbef9298db2332e286ab97d22a8\">07 \u2013 Feriado Independ\u00eancia do Brasil;<\/p>\n\n\n\n<p class=\"has-secondary-color has-text-color has-link-color wp-elements-f5d663662246dec4d740926e65d9f015\">10 \u2013 Reuni\u00e3o de Pais e Mestres;<\/p>\n\n\n\n<p class=\"has-primary-color has-text-color has-link-color wp-elements-49858f1a2282d2784bd6a7919189a188\">14 &#8211;&nbsp; Ponto Facultativo;<\/p>\n\n\n\n<p class=\"has-primary-color has-text-color has-link-color wp-elements-88eb29686a7cf3a13df0d6a9f4ab7a2c\">15 \u2013 Feriado \u2013 Anivers\u00e1rio de Limeira.<\/p>\n\n\n\n<p><strong>Outubro<\/strong>: <\/p>\n\n\n\n<p>05 a 09 \u2013 Semana da Crian\u00e7a;<\/p>\n\n\n\n<p>08 &#8211; Reuni\u00e3o Ordin\u00e1ria APM e Conselho de Escola;<\/p>\n\n\n\n<p class=\"has-primary-color has-text-color has-link-color wp-elements-12757422462d160b600fc52365f6f886\">12 &#8211; Feriado Dia Nossa Senhora Aparecida;<\/p>\n\n\n\n<p class=\"has-primary-color has-text-color has-link-color wp-elements-a64b86b7200a02e3b0f8a5c749f7917e\">15 \u2013 Ponto Facultativo \u2013 Dia do Professor;<\/p>\n\n\n\n<p class=\"has-primary-color has-text-color has-link-color wp-elements-b438b4068833aa2f2202e9868f1596d5\">28 \u2013 Ponto Facultatico \u2013 Dia do Funcion\u00e1rio P\u00fablico.<\/p>\n\n\n\n<p><strong>NOVEMBRO:<\/strong><\/p>\n\n\n\n<p class=\"has-primary-color has-text-color has-link-color wp-elements-3233f14cd2dbd581927829730aff5e45\"><strong>&nbsp;<\/strong>02 \u2013 Feriado \u2013 Finados;<\/p>\n\n\n\n<p class=\"has-primary-color has-text-color has-link-color wp-elements-75586dbef6644731c3fdae6b0623ed32\">15 \u2013 Feriado &#8211; Proclama\u00e7\u00e3o da Rep\u00fablica;<\/p>\n\n\n\n<p>18\/11 \u2013 Formatura&nbsp; 2\u00aa etapa e 5\u00ba anos;<\/p>\n\n\n\n<p class=\"has-primary-color has-text-color has-link-color wp-elements-0c212b0dacb48bb38067955fbefc4b64\">20 \u2013 Feriado Consci\u00eancia Negra;<\/p>\n\n\n\n<p>23 a 04\/12 \u2013 Avalia\u00e7\u00e3o interna e da SME.&nbsp;<\/p>\n\n\n\n<p><strong>DEZEMBRO: <\/strong><\/p>\n\n\n\n<p>02 \u2013 Sa\u00edda de Campo \u2013 5\u00ba ANO \u2013 Confraterniza\u00e7\u00e3o<\/p>\n\n\n\n<p>03 \u2013 Reuni\u00e3o Ordin\u00e1ria APM e Conselho de Escola;<\/p>\n\n\n\n<p class=\"has-secondary-color has-text-color has-link-color wp-elements-7f7729ed2e17aeff8d948a485be65ed2\">08 &#8211; Assembleia Ordin\u00e1ria APM e Conselho de Escola e Reuni\u00e3o de Pais de Mestres;<\/p>\n\n\n\n<p>18 \u2013 \u00faltimo dia letivo com Conselho Educa\u00e7\u00e3o Infantil e Conselho de Ciclo;<\/p>\n\n\n\n<p class=\"has-primary-color has-text-color has-link-color wp-elements-7be76f316b2ce210279b33ab6c5b0c2c\">21 a 31 \u2013 Recesso Discente e Docente;<\/p>\n\n\n\n<p class=\"has-primary-color has-text-color has-link-color wp-elements-6bed6d50d0f7e2e8f866440e761741c8\">25 \u2013 Feriado Natal;<\/p>\n\n\n\n<p class=\"has-primary-color has-text-color has-link-color wp-elements-76b44d9ef9dcd19a3792ae2357a8531d\">24 e 30 \u2013 Ponto Facultativo.<\/p>\n","protected":false},"excerpt":{"rendered":"<p>RESUMO &#8211; aten\u00e7\u00e3o! Datas destacadas em laranja, n\u00e3o hevar\u00e1 aula. Maio: 01 \u2013 Feriado Dia do Trabalho; 04 \u2013 N\u00c3O HAVER\u00c1 AULA &#8211; Conselho de Ciclo\/ EI; 07 \u2013 Reuni\u00e3o de Pais e Mestres com apresenta\u00e7\u00e3o em homenagem ao dia das m\u00e3es. Junho: 04 &#8211; Feriado Corpus Christi; &nbsp;05 &#8211;&nbsp; Ponto Facultativo; 22 a 03\/07&hellip;<\/p>\n","protected":false},"author":1,"featured_media":0,"parent":0,"menu_order":0,"comment_status":"closed","ping_status":"closed","template":"","meta":{"footnotes":""},"class_list":["post-186","page","type-page","status-publish","hentry"],"_links":{"self":[{"href":"https:\/\/emeiefprada.com.br\/index.php?rest_route=\/wp\/v2\/pages\/186","targetHints":{"allow":["GET"]}}],"collection":[{"href":"https:\/\/emeiefprada.com.br\/index.php?rest_route=\/wp\/v2\/pages"}],"about":[{"href":"https:\/\/emeiefprada.com.br\/index.php?rest_route=\/wp\/v2\/types\/page"}],"author":[{"embeddable":true,"href":"https:\/\/emeiefprada.com.br\/index.php?rest_route=\/wp\/v2\/users\/1"}],"replies":[{"embeddable":true,"href":"https:\/\/emeiefprada.com.br\/index.php?rest_route=%2Fwp%2Fv2%2Fcomments&post=186"}],"version-history":[{"count":10,"href":"https:\/\/emeiefprada.com.br\/index.php?rest_route=\/wp\/v2\/pages\/186\/revisions"}],"predecessor-version":[{"id":677,"href":"https:\/\/emeiefprada.com.br\/index.php?rest_route=\/wp\/v2\/pages\/186\/revisions\/677"}],"wp:attachment":[{"href":"https:\/\/emeiefprada.com.br\/index.php?rest_route=%2Fwp%2Fv2%2Fmedia&parent=186"}],"curies":[{"name":"wp","href":"https:\/\/api.w.org\/{rel}","templated":true}]}}