{"id":52,"date":"2025-07-01T15:03:15","date_gmt":"2025-07-01T18:03:15","guid":{"rendered":"http:\/\/emeiefprada.com.br\/?page_id=52"},"modified":"2026-03-09T12:26:10","modified_gmt":"2026-03-09T15:26:10","slug":"nossa-historia","status":"publish","type":"page","link":"http:\/\/emeiefprada.com.br\/?page_id=52","title":{"rendered":"NOSSA HIST\u00d3RIA"},"content":{"rendered":"\n<div class=\"wp-block-media-text is-stacked-on-mobile\" style=\"grid-template-columns:30% auto\"><figure class=\"wp-block-media-text__media\"><img fetchpriority=\"high\" decoding=\"async\" width=\"480\" height=\"338\" src=\"http:\/\/emeiefprada.com.br\/wp-content\/uploads\/2025\/07\/foto_16__141.jpg\" alt=\"\" class=\"wp-image-252 size-full\" srcset=\"http:\/\/emeiefprada.com.br\/wp-content\/uploads\/2025\/07\/foto_16__141.jpg 480w, http:\/\/emeiefprada.com.br\/wp-content\/uploads\/2025\/07\/foto_16__141-300x211.jpg 300w\" sizes=\"(max-width: 480px) 100vw, 480px\" \/><\/figure><div class=\"wp-block-media-text__content\">\n<p>A Escola Prada nasceu do sonho do empreendedor industri\u00e1rio Italiano, radicado em Limeira, propriet\u00e1rio da Ind\u00fastria Prada &#8211; Comendador Agostinho Prada.<\/p>\n\n\n\n<p>Fazia parte de seu projeto para a Ind\u00fastria e a cidade a constru\u00e7\u00e3o da Vila Oper\u00e1ria. Um complexo que al\u00e9m da maior ind\u00fastria de chap\u00e9us da Am\u00e9rica Latina, abrigava moradias, cooperativa de alimentos, ambulat\u00f3rio m\u00e9dico, escola e creche para filhos de funcion\u00e1rios.<\/p>\n<\/div><\/div>\n\n\n\n<div class=\"wp-block-columns is-layout-flex wp-container-core-columns-is-layout-28f84493 wp-block-columns-is-layout-flex\">\n<div class=\"wp-block-column has-hover-background-color has-background is-layout-flow wp-block-column-is-layout-flow\" style=\"flex-basis:33.34%\">\n<figure class=\"wp-block-image aligncenter size-full\"><img decoding=\"async\" width=\"228\" height=\"152\" src=\"http:\/\/emeiefprada.com.br\/wp-content\/uploads\/2025\/07\/60b1_mc268-06.jpg\" alt=\"\" class=\"wp-image-53\"\/><\/figure>\n<\/div>\n\n\n\n<div class=\"wp-block-column has-luminous-vivid-amber-background-color has-background is-layout-flow wp-block-column-is-layout-flow\" style=\"flex-basis:33.34%\">\n<figure class=\"wp-block-image aligncenter size-full is-resized\"><img decoding=\"async\" width=\"300\" height=\"168\" src=\"http:\/\/emeiefprada.com.br\/wp-content\/uploads\/2025\/07\/images-1.jpeg\" alt=\"\" class=\"wp-image-56\" style=\"width:250px;height:auto\"\/><\/figure>\n<\/div>\n\n\n\n<div class=\"wp-block-column has-hover-background-color has-background is-layout-flow wp-block-column-is-layout-flow\" style=\"flex-basis:33.33%\">\n<figure class=\"wp-block-image aligncenter size-full is-resized\"><img loading=\"lazy\" decoding=\"async\" width=\"268\" height=\"188\" src=\"http:\/\/emeiefprada.com.br\/wp-content\/uploads\/2025\/07\/images-2.jpeg\" alt=\"\" class=\"wp-image-55\" style=\"width:208px;height:auto\"\/><\/figure>\n<\/div>\n<\/div>\n\n\n\n<p>A Escola Prada foi tombada como bem patrim\u00f4nio hist\u00f3rico e arquitet\u00f4nico de Limeira fazendo parte do Conjunto PRADA de acordo com a Resolu\u00e7\u00e3o n\u00ba 02\/2019, Jornal Munic\u00edpio de Limeira de 13 de abril de 2019, p\u00e1gina 11 e 12, edi\u00e7\u00e3o 5471, Digital 363. O Conjunto \u00e9 composto pelas antigas instala\u00e7\u00f5es da Ind\u00fastria de Chap\u00e9us Prada (hoje Pa\u00e7o Municipal), Escola Prada (EMEIEF Prada), Creche Flor de Castro Rodrigues  e Jardim de Inf\u00e2ncia Iris Dalla Chiesa (hoje, ambos pr\u00e9dios parte do CEIEF Flora de Castro Rodrigues).<\/p>\n\n\n\n<p>Sendo patrim\u00f4nios hist\u00f3ricos e arquitet\u00f4nicos, devido a import\u00e2ncia hist\u00f3rica e cultural para a cidade de Limeira, os aparelhos educacionais seguem como testemunhas do contexto do desenvolvimento da industrializa\u00e7\u00e3o de Limeira (e do Brasil) da primeira metade do s\u00e9culo XX e da luta pela &#8220;humaniza\u00e7\u00e3o do trabalho&#8221; e dignidade do trabalhador, numa sociedade que ainda sentia os resqu\u00edcios do trabalho escravocrata. <\/p>\n\n\n\n<p><\/p>\n\n\n\n<div class=\"wp-block-media-text is-stacked-on-mobile has-hover-background-color has-background\" style=\"grid-template-columns:32% auto\"><figure class=\"wp-block-media-text__media\"><img loading=\"lazy\" decoding=\"async\" width=\"354\" height=\"479\" src=\"http:\/\/emeiefprada.com.br\/wp-content\/uploads\/2025\/07\/foto_23_141.jpg\" alt=\"\" class=\"wp-image-253 size-full\" srcset=\"http:\/\/emeiefprada.com.br\/wp-content\/uploads\/2025\/07\/foto_23_141.jpg 354w, http:\/\/emeiefprada.com.br\/wp-content\/uploads\/2025\/07\/foto_23_141-222x300.jpg 222w\" sizes=\"(max-width: 354px) 100vw, 354px\" \/><\/figure><div class=\"wp-block-media-text__content\">\n<p class=\"has-luminous-vivid-amber-color has-text-color has-link-color has-medium-font-size wp-elements-a2217566dd732a197ec8d9d3533823f4\"><a href=\"https:\/\/emeiefprada.com.br\/?p=657\" data-type=\"link\" data-id=\"https:\/\/emeiefprada.com.br\/?p=657\">Agostinho Prada<\/a>, com sua vis\u00e3o arrojada para a \u00e9poca foi um dos precursores do que se chama a &#8220;humaniza\u00e7\u00e3o da ind\u00fastria&#8221; e as escolas que fazem parte do Conjunto Prada seguem ininterruptamente oferecendo educa\u00e7\u00e3o desde suas funda\u00e7\u00f5es no final da d\u00e9cada de 1940; inicialmente foram mantidas exclusivamente com recursos privados, posteriormente, os pr\u00e9dios foram doados ao munic\u00edpio e, mais tarde, o processo educacional foi assumido pelo Estado. No in\u00edcio dos anos 2000, com o movimento de Municipaliza\u00e7\u00e3o do Ensino passou a ser administrada e a integrar a Rede Municipal de Educa\u00e7\u00e3o de Limeira. Conhe\u00e7a mais a hist\u00f3ria de Agostinho Prada &#8211; <a href=\"https:\/\/emeiefprada.com.br\/?p=657\">Clique Aqui.<\/a><\/p>\n<\/div><\/div>\n\n\n\n<p>A constru\u00e7\u00e3o da Escola e da Creche da Ind\u00fastria Prada, foi concebida e constru\u00edda numa \u00e9poca marcada pela explos\u00e3o do trabalho industrial, os desafios e consequ\u00eancias da Primeira e da Segunda Guerra Mundial, da entrada da mulher no mundo do trabalho oper\u00e1rio no Brasil, as grandes greves de trabalhadores, o nascimento de movimentos sociais e sindicais, o \u00eaxodo rural, as migra\u00e7\u00f5es e as imigra\u00e7\u00f5es, o nascimento das legisla\u00e7\u00f5es trabalhistas brasileiras, a reurbaniza\u00e7\u00e3o das cidades entre outras caracter\u00edsticas daquele per\u00edodo hist\u00f3rico.<\/p>\n\n\n\n<p><br>.<\/p>\n\n\n\n<blockquote class=\"wp-block-quote is-layout-flow wp-block-quote-is-layout-flow\">\n<p class=\"has-text-align-right\">O Complexo Prada abrangia a f\u00e1brica (A), a creche (B), a escola (C), casas para trabalhadores (D), uma cooperativa de consumo, al\u00e9m de um conjunto esportivo (Esporte Clube Prada) que hoje \u00e9 o campo do Indepedente. O croqui abaixo, gentilmente cedido por Felipe Penedo, apresenta a inten\u00e7\u00e3o de construir a vila dos trabalhadores, o que, entretanto, n\u00e3o ocorreu integralmente, tendo sido edificadas algumas unidades1. <\/p>\n\n\n\n<p class=\"has-text-align-right\"><\/p>\n\n\n\n<figure class=\"wp-block-image size-full\"><img loading=\"lazy\" decoding=\"async\" width=\"598\" height=\"367\" src=\"http:\/\/emeiefprada.com.br\/wp-content\/uploads\/2025\/07\/croqui.png\" alt=\"Croqui propositivo do Complexo Prada de R. Marchesini - d\u00e9cada de 1950 - Fonte: acervo Felipe Penedo.\" class=\"wp-image-244\" style=\"aspect-ratio:16\/9;object-fit:cover\" srcset=\"http:\/\/emeiefprada.com.br\/wp-content\/uploads\/2025\/07\/croqui.png 598w, http:\/\/emeiefprada.com.br\/wp-content\/uploads\/2025\/07\/croqui-300x184.png 300w\" sizes=\"(max-width: 598px) 100vw, 598px\" \/><figcaption class=\"wp-element-caption\">Croqui propositivo do Complexo Prada de R. Marchesini &#8211; d\u00e9cada de 1950 &#8211; Fonte: acervo Felipe Penedo. <\/figcaption><\/figure>\n<\/blockquote>\n\n\n\n<blockquote class=\"wp-block-quote is-layout-flow wp-block-quote-is-layout-flow\">\n<p class=\"has-text-align-right\">Na Figura 14 abaixo, h\u00e1 um mosaico de imagens antigas, sem data definida, que apresenta em (1) as casas da vila de oper\u00e1rios edificadas, que se situava onde foi construida mais recentemente ag\u00eancia da Caixa Econ\u00f4mica Federal; em (2), o edif\u00edcio da cooperativa de consumo (hoje Ag\u00eancia do Santander) e em (3), a Escola Prada.&#8221;<\/p>\n<\/blockquote>\n\n\n\n<figure class=\"wp-block-image alignwide size-full\"><img loading=\"lazy\" decoding=\"async\" width=\"632\" height=\"529\" src=\"http:\/\/emeiefprada.com.br\/wp-content\/uploads\/2025\/07\/escola.png\" alt=\"\" class=\"wp-image-248\" srcset=\"http:\/\/emeiefprada.com.br\/wp-content\/uploads\/2025\/07\/escola.png 632w, http:\/\/emeiefprada.com.br\/wp-content\/uploads\/2025\/07\/escola-300x251.png 300w\" sizes=\"(max-width: 632px) 100vw, 632px\" \/><figcaption class=\"wp-element-caption\">Mosaico de imagens do Complexo Prada &#8211; Fonte: acervo Felipe Penedo. <\/figcaption><\/figure>\n\n\n\n<blockquote class=\"wp-block-quote is-layout-flow wp-block-quote-is-layout-flow\">\n<p class=\"has-text-align-right\">Conforme relatado pelos historiadores Ana Cl\u00e1udia Silva e Jo\u00e3o Paulo Berto (s\/data &#8211;<br>Anexo I), a constru\u00e7\u00e3o da f\u00e1brica data dos anos 1937 a 1939, a escola, de 1947 e a creche, de<br>1949.<br>Conforme artigo de maio de 1972 do Jornal \u2018A Unidade\u2019 (p\u00e1g. 3), a Cia. Prada,<br>promoveu mais que empregos para seus funcion\u00e1rios, pois al\u00e9m do que compunha o complexo<br>Prada, a f\u00e1brica tamb\u00e9m contava com um Corpo de Bombeiros pr\u00f3prio, que atendia inclusive \u00e0<br>cidade, al\u00e9m de oferecer assist\u00eancia m\u00e9dica, odontol\u00f3gica e hospitalar, num conjunto mantido<br>pelo Funda\u00e7\u00e3o Prada de Assist\u00eancia Social.(&#8230;) <\/p>\n\n\n\n<p class=\"has-text-align-right\">Conforme Belotti (2013, p. 10), os vastos jardins da f\u00e1brica, assim como a fonte<br>luminosa, o antigo port\u00e3o com lumin\u00e1rias, as muretas &#8211; sendo os jardins e muretas tamb\u00e9m<br>existentes na Creche e na Escola &#8211; \u201cremetem \u00e0 concep\u00e7\u00e3o das \u2018vilas italianas\u2019\u201d e d\u00e3o identidade<br>visual ao conjunto.(&#8230;)<\/p>\n\n\n\n<p class=\"has-text-align-right\">Assim, ao criar um peda\u00e7o de cidade que proporcionava o desempenho das v\u00e1rias<br>a\u00e7\u00f5es do homem, promovendo sua dignidade, o conjunto, al\u00e9m de ser significativo sob o ponto<br>de vista hist\u00f3rico, no desenvolvimento urbano e socioecon\u00f4mico da cidade no per\u00edodo de<br>industrializa\u00e7\u00e3o brasileiro, esse sistema de suporte ao trabalhador &#8211; ocorrido um s\u00e9culo depois<br>do que j\u00e1 havia acontecido na Europa no s\u00e9culo anterior com New Lanark ou Saltaire2<br>, em<br>Bradford, Inglaterra, &#8211; conforme as ideias de Robert Owen e outros reformadores e socialistas<br>ut\u00f3picos, caracterizando propostas de grande import\u00e2ncia para a hist\u00f3ria do urbanismo- pois<br>traz para o Brasil inspira\u00e7\u00f5es que procuravam proporcionar a dignidade do ser humano e a<br>harmonia na cidade.<\/p>\n\n\n\n<p class=\"has-text-align-right\">As refer\u00eancias apresentadas a seguir ilustram esse tipo de iniciativa urbana apontada<br>acima como a que foi promovida pela F\u00e1brica de chap\u00e9us Prada.<br>A primeira \u00e9 uma vila pr\u00f3xima a Lanark, na Esc\u00f3cia, fundada em 1786 por David Dale,<br>e concebida por Robert Owen, \u00e9 um exemplo excepcional de uma vilarejo industrial junto da<br>Fia\u00e7\u00e3o de algod\u00e3o onde, nos primeiros anos do s\u00e9culo XIX, o idealista ut\u00f3pico Robert Owen<br>(1771-1858) inspirou uma Comunidade industrial modelo baseada na produ\u00e7\u00e3o t\u00eaxtil. Foi l\u00e1 que<br>Owen primeiro aplicou sua forma de paternalismo benevolente na ind\u00fastria, construindo a<br>partir das a\u00e7\u00f5es altru\u00edstas de seu sogro, David Dale. Foi tamb\u00e9m l\u00e1 que formulou sua vis\u00e3o<br>ut\u00f3pica de uma sociedade sem crime, pobreza e mis\u00e9ria. New Lanark prosperou sob sua<br>ger\u00eancia esclarecida (Figura 20, imagens 1 e 2), assim como se verificou com a F\u00e1brica Prada.(&#8230;)<\/p>\n\n\n\n<p class=\"has-text-align-right\">Pelo exposto, verificar-se que o pensamento humanista norteou a obra de Owen e<br>de Titus Salt e influenciou algumas iniciativas posteriores como a Vila Maria Z\u00e9lia [em S\u00e3o Paulo, acr\u00e9scimo nosso], gravando nas<br>cidades e na hist\u00f3ria, seja mundial, nos casos de New Lanark e Saltaire, seja brasileiro, como a<br>mencionada vila, essa ideologia. \u00c9, portanto, nesse pensamento humanista, proposto dentre<br>outros por Owen, que se destaca o conjunto Prada &#8211; hoje infelizmente com apenas 3<br>edifica\u00e7\u00f5es remanescentes &#8211; como um exemplar brasileiro. (SCIOTA, Alessandra Argenton. LAUDO T\u00c9CNICO PARA TOMBAMENTO DE IM\u00d3VEL &#8211; Conjunto Prada. 2017. Dispon\u00edvel em &lt;<a href=\"http:\/\/atom.limeira.sp.gov.br\/uploads\/r\/arquivo-geral-da-prefeitura-municipal-de-limeira\/4\/5\/a\/45ada30e4ae527212e0f7b0d7c0b8cdfc22847d62eaaaf119a5bcc6ffdc72957\/CONJUNTO_PRADA_-_LAUDO_T__CNICO_-_REV_02_CompressPdf.pdf\">http:\/\/atom.limeira.sp.gov.br\/uploads\/r\/arquivo-geral-da-prefeitura-municipal-de-limeira\/4\/5\/a\/45ada30e4ae527212e0f7b0d7c0b8cdfc22847d62eaaaf119a5bcc6ffdc72957\/CONJUNTO_PRADA_-_LAUDO_T__CNICO_-_REV_02_CompressPdf.pdf<\/a>. Acessado em 07\/07\/2025&gt;)  <\/p>\n\n\n\n<p class=\"has-text-align-right\"><\/p>\n\n\n\n<p><\/p>\n\n\n\n<p class=\"has-text-align-left\">Pelos estudos realizados por SCIOTA, para o Laudo T\u00e9cnico de Tombamento de Im\u00f3vel &#8211; Conjunto Prada, podemos considerar a import\u00e2ncia da preserva\u00e7\u00e3o da EMEIEF Prada como obra testemunha n\u00e3o s\u00f3 da constru\u00e7\u00e3o do Complexo Prada, mas do progresso da industrializa\u00e7\u00e3o e da cidade de Limeira e uma nova concep\u00e7\u00e3o de sociedade e do trabalho com ideias nascentes na Europa, que se introduziram no Brasil, com os fluxos das imigra\u00e7\u00f5es europeias e a transi\u00e7\u00e3o econ\u00f4mica que o pa\u00eds sofria passando, especialmente em S\u00e3o Paulo, do modelo de trabalho majorit\u00e1rio de produ\u00e7\u00e3o agropecu\u00e1rio, extrativista e minerador rural para um modelo conjugado com o urbano industrial. Do ponto de vista arquitet\u00f4nico, SCIOTA salienta:<\/p>\n\n\n\n<blockquote class=\"wp-block-quote is-layout-flow wp-block-quote-is-layout-flow\">\n<p class=\"has-text-align-right\">o pr\u00e9dio escolar n\u00e3o apresenta relev\u00e2ncia especial sob a \u00f3tica da arquitetura, j\u00e1 que n\u00e3o exemplifica nenhum per\u00edodo da historiografia da arquitetura escolar, sejam as primeiras constru\u00e7\u00f5es do per\u00edodo do Brasil Rep\u00fablica que possu\u00edam projetos-tipo eram constru\u00eddas em cidades diversas do territ\u00f3rio paulista conforme apontam Buffa e Pinto (2002) e Oliveira (2015), com varia\u00e7\u00f5es nas fachadas, sejam as escolas inspiradas em An\u00edsio Teixeira que seguiam o ide\u00e1rio Modernista. (&#8230;) a grande<br>import\u00e2ncia para a mem\u00f3ria limeirense est\u00e1 no Conjunto Prada remanescente &#8211; f\u00e1brica, escola e<br>creche &#8211; pois gravou na cidade um modo de vida muito significativo que foi o do come\u00e7o do<br>desenvolvimento industrial e do crescimento urbano e a promo\u00e7\u00e3o da dignidade do trabalhador<br>e sua fam\u00edlia. ibid. (pp. 38 e39)<\/p>\n\n\n\n<p class=\"has-text-align-right\"><\/p>\n<\/blockquote>\n\n\n\n<p class=\"has-text-align-right\"><\/p>\n\n\n\n<p class=\"has-text-align-right\"><\/p>\n\n\n\n<blockquote class=\"wp-block-quote is-layout-flow wp-block-quote-is-layout-flow\">\n<p>Enquanto uma cidade como Limeira, para obter um grupo escolar precisava implorar de joelhos junto \u00e0s autoridades estaduais da \u00e9poca, Agostinho Prada construiu a pr\u00f3pria custa um moderno grupo escolar \u2013 Grupo Prada, que durante muito tempo funcionou com dinheiro particular at\u00e9 que passou a integrar a rede p\u00fablica de ensino.<\/p>\n\n\n\n<p>&nbsp;&nbsp;&nbsp;&nbsp;&nbsp;&nbsp; O Grupo Escolar Prada foi inaugurado em 1\u00ba de fevereiro de 1947 e posteriormente o pr\u00e9dio foi doado ao munic\u00edpio, sendo recebido em solenidade pelo ent\u00e3o prefeito Dr. Nelson de Barros Camargo.&nbsp; (Fonte: Revista Povo \u2013 Agosto\/2003)<\/p>\n\n\n\n<p>Consta nos arquivos que a escola teve sua cria\u00e7\u00e3o e patron\u00edmio por Decreto de 03\/04\/1954 e a instala\u00e7\u00e3o em 06\/08\/1954.<\/p>\n\n\n\n<p>Em 28\/01\/1976, pela Resolu\u00e7\u00e3o SE n\u00ba23\/76, transformou-se em escola estadual e passou a chamar-se E.E.P.G. Prada, com curso regular.<\/p>\n\n\n\n<p>A Resolu\u00e7\u00e3o SE n\u00ba 31\/90, de 03\/02\/1990, criou o curso de Supl\u00eancia II<\/p>\n\n\n\n<p>Houve a reestrutura\u00e7\u00e3o da rede com a Resolu\u00e7\u00e3o SE n\u00ba 37\/1996, de 24\/04\/1996, publicada no Di\u00e1rio Oficial do Estado de 25\/04\/1996, tornando-se E.E. Prada.<\/p>\n\n\n\n<p>No ano de 2000, conforme Decreto n\u00ba 34, de 03 de fevereiro de 2000, Jornal Oficial do Munic\u00edpio 08\/02\/2000, p\u00e1gina 03, foi criada a E.M.E.I.E.F. Prada.<\/p>\n<\/blockquote>\n<\/blockquote>\n","protected":false},"excerpt":{"rendered":"<p>A Escola Prada nasceu do sonho do empreendedor industri\u00e1rio Italiano, radicado em Limeira, propriet\u00e1rio da Ind\u00fastria Prada &#8211; Comendador Agostinho Prada. Fazia parte de seu projeto para a Ind\u00fastria e a cidade a constru\u00e7\u00e3o da Vila Oper\u00e1ria. Um complexo que al\u00e9m da maior ind\u00fastria de chap\u00e9us da Am\u00e9rica Latina, abrigava moradias, cooperativa de alimentos, ambulat\u00f3rio&hellip;<\/p>\n","protected":false},"author":1,"featured_media":0,"parent":0,"menu_order":0,"comment_status":"closed","ping_status":"closed","template":"","meta":{"footnotes":""},"class_list":["post-52","page","type-page","status-publish","hentry"],"_links":{"self":[{"href":"http:\/\/emeiefprada.com.br\/index.php?rest_route=\/wp\/v2\/pages\/52","targetHints":{"allow":["GET"]}}],"collection":[{"href":"http:\/\/emeiefprada.com.br\/index.php?rest_route=\/wp\/v2\/pages"}],"about":[{"href":"http:\/\/emeiefprada.com.br\/index.php?rest_route=\/wp\/v2\/types\/page"}],"author":[{"embeddable":true,"href":"http:\/\/emeiefprada.com.br\/index.php?rest_route=\/wp\/v2\/users\/1"}],"replies":[{"embeddable":true,"href":"http:\/\/emeiefprada.com.br\/index.php?rest_route=%2Fwp%2Fv2%2Fcomments&post=52"}],"version-history":[{"count":14,"href":"http:\/\/emeiefprada.com.br\/index.php?rest_route=\/wp\/v2\/pages\/52\/revisions"}],"predecessor-version":[{"id":659,"href":"http:\/\/emeiefprada.com.br\/index.php?rest_route=\/wp\/v2\/pages\/52\/revisions\/659"}],"wp:attachment":[{"href":"http:\/\/emeiefprada.com.br\/index.php?rest_route=%2Fwp%2Fv2%2Fmedia&parent=52"}],"curies":[{"name":"wp","href":"https:\/\/api.w.org\/{rel}","templated":true}]}}